{"id":14394,"date":"2023-05-30T14:59:17","date_gmt":"2023-05-30T12:59:17","guid":{"rendered":"https:\/\/texei.com\/resources-webinars\/"},"modified":"2023-08-31T16:38:57","modified_gmt":"2023-08-31T14:38:57","slug":"resources-webinars","status":"publish","type":"page","link":"https:\/\/texei.com\/en\/resources-webinars\/","title":{"rendered":"Webinars"},"content":{"rendered":"\t\t<div data-elementor-type=\"wp-page\" data-elementor-id=\"14394\" class=\"elementor elementor-14394 elementor-14137\" data-elementor-post-type=\"page\">\n\t\t\t\t\t\t<section class=\"elementor-section elementor-top-section elementor-element elementor-element-3909b47 elementor-section-full_width elementor-section-stretched elementor-section-height-min-height elementor-section-height-default elementor-section-items-middle\" data-id=\"3909b47\" data-element_type=\"section\" data-e-type=\"section\" data-settings=\"{&quot;background_background&quot;:&quot;classic&quot;,&quot;stretch_section&quot;:&quot;section-stretched&quot;}\">\n\t\t\t\t\t\t<div class=\"elementor-container elementor-column-gap-default\">\n\t\t\t\t\t<div class=\"elementor-column elementor-col-100 elementor-top-column elementor-element elementor-element-10df875\" data-id=\"10df875\" data-element_type=\"column\" data-e-type=\"column\">\n\t\t\t<div class=\"elementor-widget-wrap elementor-element-populated\">\n\t\t\t\t\t\t<div class=\"elementor-element elementor-element-ed8c60b elementor-widget elementor-widget-heading\" data-id=\"ed8c60b\" data-element_type=\"widget\" data-e-type=\"widget\" data-widget_type=\"heading.default\">\n\t\t\t\t<div class=\"elementor-widget-container\">\n\t\t\t\t\t<h1 class=\"elementor-heading-title elementor-size-default\">Webinars<\/h1>\t\t\t\t<\/div>\n\t\t\t\t<\/div>\n\t\t\t\t<div class=\"elementor-element elementor-element-a32d1e3 elementor-widget elementor-widget-text-editor\" data-id=\"a32d1e3\" data-element_type=\"widget\" data-e-type=\"widget\" data-widget_type=\"text-editor.default\">\n\t\t\t\t<div class=\"elementor-widget-container\">\n\t\t\t\t\t\t\t\t\t<div class=\"group w-full text-token-text-primary border-b border-black\/10 dark:border-gray-900\/50 bg-gray-50 dark:bg-[#444654]\">\n<div class=\"flex p-4 gap-4 text-base md:gap-6 md:max-w-2xl lg:max-w-[38rem] xl:max-w-3xl md:py-6 lg:px-0 m-auto\">\n<div class=\"relative flex w-[calc(100%-50px)] flex-col gap-1 md:gap-3 lg:w-[calc(100%-115px)]\">\n<div class=\"flex flex-grow flex-col gap-3\">\n<div class=\"min-h-[20px] flex flex-col items-start gap-3 overflow-x-auto whitespace-pre-wrap break-words\">\n<div class=\"markdown prose w-full break-words dark:prose-invert light\">\n<p>Explorez les webinars Texe\u00ef,&nbsp; et rejoignez-nous pour rester inform\u00e9(e) et d\u00e9couvrir les bonnes pratiques ainsi que les conseils de nos experts Salesforce.&nbsp;<\/p>\n<\/div>\n<\/div>\n<\/div>\n<div class=\"flex justify-between lg:block\">\n<div class=\"text-gray-400 flex self-end lg:self-center justify-center mt-2 gap-2 md:gap-3 lg:gap-1 lg:absolute lg:top-0 lg:translate-x-full lg:right-0 lg:mt-0 lg:pl-2 visible\">\n<div class=\"flex gap-1\">&nbsp;<\/div>\n<\/div>\n<\/div>\n<\/div>\n<\/div>\n<\/div>\t\t\t\t\t\t\t\t<\/div>\n\t\t\t\t<\/div>\n\t\t\t\t\t<\/div>\n\t\t<\/div>\n\t\t\t\t\t<\/div>\n\t\t<\/section>\n\t\t\t\t<section class=\"elementor-section elementor-top-section elementor-element elementor-element-20ab021 elementor-section-full_width elementor-section-stretched elementor-section-height-default elementor-section-height-default\" data-id=\"20ab021\" data-element_type=\"section\" data-e-type=\"section\" id=\"start\" data-settings=\"{&quot;stretch_section&quot;:&quot;section-stretched&quot;}\">\n\t\t\t\t\t\t<div class=\"elementor-container elementor-column-gap-default\">\n\t\t\t\t\t<div class=\"elementor-column elementor-col-100 elementor-top-column elementor-element elementor-element-2e7af9d\" data-id=\"2e7af9d\" data-element_type=\"column\" data-e-type=\"column\">\n\t\t\t<div class=\"elementor-widget-wrap elementor-element-populated\">\n\t\t\t\t\t\t<div class=\"elementor-element elementor-element-c50d05a elementor-widget elementor-widget-breadcrumbs\" data-id=\"c50d05a\" data-element_type=\"widget\" data-e-type=\"widget\" data-widget_type=\"breadcrumbs.default\">\n\t\t\t\t<div class=\"elementor-widget-container\">\n\t\t\t\t\t<p id=\"breadcrumbs\"><span><span><a href=\"https:\/\/texei.com\/\">Home<\/a><\/span><\/span><\/p>\t\t\t\t<\/div>\n\t\t\t\t<\/div>\n\t\t\t\t\t<\/div>\n\t\t<\/div>\n\t\t\t\t\t<\/div>\n\t\t<\/section>\n\t\t\t\t<section class=\"elementor-section elementor-top-section elementor-element elementor-element-a51300c elementor-section-stretched elementor-section-boxed elementor-section-height-default elementor-section-height-default\" data-id=\"a51300c\" data-element_type=\"section\" data-e-type=\"section\" data-settings=\"{&quot;stretch_section&quot;:&quot;section-stretched&quot;}\">\n\t\t\t\t\t\t<div class=\"elementor-container elementor-column-gap-default\">\n\t\t\t\t\t<div class=\"elementor-column elementor-col-50 elementor-top-column elementor-element elementor-element-a113de7\" data-id=\"a113de7\" data-element_type=\"column\" data-e-type=\"column\">\n\t\t\t<div class=\"elementor-widget-wrap elementor-element-populated\">\n\t\t\t\t\t\t<div class=\"elementor-element elementor-element-25e77c4 elementor-hidden-desktop elementor-hidden-tablet elementor-hidden-mobile elementor-widget elementor-widget-shortcode\" data-id=\"25e77c4\" data-element_type=\"widget\" data-e-type=\"widget\" data-widget_type=\"shortcode.default\">\n\t\t\t\t<div class=\"elementor-widget-container\">\n\t\t\t\t\t\t\t<div class=\"elementor-shortcode\"><form data-sf-form-id='15859' data-is-rtl='0' data-maintain-state='' data-results-url='https:\/\/texei.com\/webinars\/' data-ajax-form-url='https:\/\/texei.com\/en\/?sfid=15859&amp;sf_action=get_data&amp;sf_data=form' data-display-result-method='elementor_posts_element' data-use-history-api='1' data-template-loaded='0' data-lang-code='en' data-ajax='0' data-init-paged='1' data-auto-update='1' data-auto-count='1' data-auto-count-refresh-mode='1' action='https:\/\/texei.com\/webinars\/' method='post' class='searchandfilter' id='search-filter-form-15859' autocomplete='off' data-instance-count='1'><ul><li class=\"sf-field-search\" data-sf-field-name=\"search\" data-sf-field-type=\"search\" data-sf-field-input-type=\"\"><h4>Search by keyword<\/h4>\t\t<label><input placeholder=\"Your search ...\" name=\"_sf_search[]\" class=\"sf-input-text\" type=\"text\" value=\"\" title=\"\"><\/label>\t\t<\/li><li class=\"sf-field-sort_order\" data-sf-field-name=\"_sf_sort_order\" data-sf-field-type=\"sort_order\" data-sf-field-input-type=\"select\"><h4>Sort by<\/h4>\t\t<label>\r\n\t\t\t\t<select name=\"_sf_sort_order[]\" class=\"sf-input-select\" title=\"\">\r\n\t\t\t\r\n\t\t\t\t\t\t<option class=\"sf-level-0 sf-item-0 sf-option-active\" selected=\"selected\" data-sf-depth=\"0\" value=\"\">Webinar sorting<\/option>\r\n\t\t\t\t\t\t<option class=\"sf-level-0 \" data-sf-depth=\"0\" value=\"author+desc\">Author<\/option>\r\n\t\t\t\t\t\t<option class=\"sf-level-0 \" data-sf-depth=\"0\" value=\"title+desc\">Title<\/option>\r\n\t\t\t\t\t\t<option class=\"sf-level-0 \" data-sf-depth=\"0\" value=\"date+desc\">From newest to oldest<\/option>\r\n\t\t\t\t\t\t<option class=\"sf-level-0 \" data-sf-depth=\"0\" value=\"date+asc\">From oldest to newest<\/option>\r\n\t\t\t\t\t<\/select>\r\n\t\t<\/label>\t\t<\/li><\/ul><\/form><\/div>\n\t\t\t\t\t\t<\/div>\n\t\t\t\t<\/div>\n\t\t\t\t<div class=\"search-filter-results-15491 elementor-element elementor-element-17ede32 articles-blog elementor-grid-2 elementor-posts--thumbnail-top elementor-grid-tablet-2 elementor-grid-mobile-1 elementor-widget elementor-widget-posts\" data-id=\"17ede32\" data-element_type=\"widget\" data-e-type=\"widget\" data-settings=\"{&quot;custom_row_gap&quot;:{&quot;unit&quot;:&quot;px&quot;,&quot;size&quot;:&quot;&quot;,&quot;sizes&quot;:[]},&quot;custom_columns&quot;:&quot;2&quot;,&quot;custom_columns_tablet&quot;:&quot;2&quot;,&quot;custom_columns_mobile&quot;:&quot;1&quot;,&quot;custom_row_gap_tablet&quot;:{&quot;unit&quot;:&quot;px&quot;,&quot;size&quot;:&quot;&quot;,&quot;sizes&quot;:[]},&quot;custom_row_gap_mobile&quot;:{&quot;unit&quot;:&quot;px&quot;,&quot;size&quot;:&quot;&quot;,&quot;sizes&quot;:[]}}\" data-widget_type=\"posts.custom\">\n\t\t\t\t<div class=\"elementor-widget-container\">\n\t\t\t\t\t      <div class=\"ecs-posts elementor-posts-container elementor-posts   elementor-grid elementor-posts--skin-custom\" data-settings=\"{&quot;current_page&quot;:1,&quot;max_num_pages&quot;:1,&quot;load_method&quot;:&quot;numbers_and_prev_next&quot;,&quot;widget_id&quot;:&quot;17ede32&quot;,&quot;post_id&quot;:14394,&quot;theme_id&quot;:14394,&quot;change_url&quot;:false,&quot;reinit_js&quot;:false}\">\n      \t\t<article id=\"post-16423\" class=\"elementor-post elementor-grid-item ecs-post-loop post-16423 webinaires type-webinaires status-publish has-post-thumbnail hentry\">\n\t\t\t\t<div data-elementor-type=\"loop\" data-elementor-id=\"14489\" class=\"elementor elementor-14489 elementor-14144 elementor-14144 post-16423 webinaires type-webinaires status-publish has-post-thumbnail hentry\" data-elementor-post-type=\"elementor_library\">\n\t\t\t\t\t<section class=\"elementor-section elementor-top-section elementor-element elementor-element-19f0e6ea elementor-section-full_width elementor-section-height-default elementor-section-height-default\" data-id=\"19f0e6ea\" data-element_type=\"section\" data-e-type=\"section\">\n\t\t\t\t\t\t<div class=\"elementor-container elementor-column-gap-default\">\n\t\t\t\t\t<div class=\"elementor-column elementor-col-100 elementor-top-column elementor-element elementor-element-408c9f6\" data-id=\"408c9f6\" data-element_type=\"column\" data-e-type=\"column\">\n\t\t\t<div class=\"elementor-widget-wrap elementor-element-populated\">\n\t\t\t\t\t\t<div class=\"elementor-element elementor-element-d969b00 elementor-widget elementor-widget-image\" data-id=\"d969b00\" data-element_type=\"widget\" data-e-type=\"widget\" data-widget_type=\"image.default\">\n\t\t\t\t<div class=\"elementor-widget-container\">\n\t\t\t\t\t\t\t\t\t\t\t\t\t\t\t<img fetchpriority=\"high\" decoding=\"async\" width=\"2560\" height=\"1440\" src=\"https:\/\/texei.com\/dev\/wp-content\/uploads\/2023\/05\/webinaire-dreamforce.jpg\" class=\"attachment-full size-full wp-image-14141\" alt=\"\" srcset=\"https:\/\/texei.com\/dev\/wp-content\/uploads\/2023\/05\/webinaire-dreamforce-200x113.jpg 200w, https:\/\/texei.com\/dev\/wp-content\/uploads\/2023\/05\/webinaire-dreamforce-300x169.jpg 300w, https:\/\/texei.com\/dev\/wp-content\/uploads\/2023\/05\/webinaire-dreamforce-400x225.jpg 400w, https:\/\/texei.com\/dev\/wp-content\/uploads\/2023\/05\/webinaire-dreamforce-600x338.jpg 600w, https:\/\/texei.com\/dev\/wp-content\/uploads\/2023\/05\/webinaire-dreamforce-768x432.jpg 768w, https:\/\/texei.com\/dev\/wp-content\/uploads\/2023\/05\/webinaire-dreamforce-800x450.jpg 800w, https:\/\/texei.com\/dev\/wp-content\/uploads\/2023\/05\/webinaire-dreamforce-1024x576.jpg 1024w, https:\/\/texei.com\/dev\/wp-content\/uploads\/2023\/05\/webinaire-dreamforce-1200x675.jpg 1200w, https:\/\/texei.com\/dev\/wp-content\/uploads\/2023\/05\/webinaire-dreamforce-1536x864.jpg 1536w, https:\/\/texei.com\/dev\/wp-content\/uploads\/2023\/05\/webinaire-dreamforce.jpg 2560w\" sizes=\"(max-width: 2560px) 100vw, 2560px\" \/>\t\t\t\t\t\t\t\t\t\t\t\t\t\t\t<\/div>\n\t\t\t\t<\/div>\n\t\t\t\t<section class=\"elementor-section elementor-inner-section elementor-element elementor-element-48ea5925 elementor-section-boxed elementor-section-height-default elementor-section-height-default\" data-id=\"48ea5925\" data-element_type=\"section\" data-e-type=\"section\">\n\t\t\t\t\t\t<div class=\"elementor-container elementor-column-gap-default\">\n\t\t\t\t\t<div class=\"elementor-column elementor-col-100 elementor-inner-column elementor-element elementor-element-20a8b920\" data-id=\"20a8b920\" data-element_type=\"column\" data-e-type=\"column\">\n\t\t\t<div class=\"elementor-widget-wrap elementor-element-populated\">\n\t\t\t\t\t\t<div class=\"elementor-element elementor-element-31b2524e elementor-widget elementor-widget-theme-post-title elementor-page-title elementor-widget-heading\" data-id=\"31b2524e\" data-element_type=\"widget\" data-e-type=\"widget\" data-widget_type=\"theme-post-title.default\">\n\t\t\t\t<div class=\"elementor-widget-container\">\n\t\t\t\t\t<h3 class=\"elementor-heading-title elementor-size-default\">Dreamforce 2022: What do you need to know?<\/h3>\t\t\t\t<\/div>\n\t\t\t\t<\/div>\n\t\t\t\t<div class=\"elementor-element elementor-element-4333461 elementor-widget elementor-widget-button\" data-id=\"4333461\" data-element_type=\"widget\" data-e-type=\"widget\" data-widget_type=\"button.default\">\n\t\t\t\t<div class=\"elementor-widget-container\">\n\t\t\t\t\t\t\t\t\t<div class=\"elementor-button-wrapper\">\n\t\t\t\t\t<a class=\"elementor-button elementor-size-sm elementor-animation-shrink\" role=\"button\">\n\t\t\t\t\t\t<span class=\"elementor-button-content-wrapper\">\n\t\t\t\t\t\t\t\t\t<span class=\"elementor-button-text\">View replay<\/span>\n\t\t\t\t\t<\/span>\n\t\t\t\t\t<\/a>\n\t\t\t\t<\/div>\n\t\t\t\t\t\t\t\t<\/div>\n\t\t\t\t<\/div>\n\t\t\t\t\t<\/div>\n\t\t<\/div>\n\t\t\t\t\t<\/div>\n\t\t<\/section>\n\t\t\t\t\t<\/div>\n\t\t<\/div>\n\t\t\t\t\t<\/div>\n\t\t<\/section>\n\t\t\t\t<\/div>\n\t\t\t\t<\/article>\n\t\t\t\t<\/div>\n\t\t\t\t\t\t<\/div>\n\t\t\t\t<\/div>\n\t\t\t\t\t<\/div>\n\t\t<\/div>\n\t\t\t\t<div class=\"elementor-column elementor-col-50 elementor-top-column elementor-element elementor-element-81e8a95\" data-id=\"81e8a95\" data-element_type=\"column\" data-e-type=\"column\">\n\t\t\t<div class=\"elementor-widget-wrap elementor-element-populated\">\n\t\t\t\t\t\t<div class=\"elementor-element elementor-element-e35c75d elementor-widget elementor-widget-heading\" data-id=\"e35c75d\" data-element_type=\"widget\" data-e-type=\"widget\" data-widget_type=\"heading.default\">\n\t\t\t\t<div class=\"elementor-widget-container\">\n\t\t\t\t\t<h2 class=\"elementor-heading-title elementor-size-default\">Nos ressources<\/h2>\t\t\t\t<\/div>\n\t\t\t\t<\/div>\n\t\t\t\t<section class=\"elementor-section elementor-inner-section elementor-element elementor-element-538b04d elementor-section-boxed elementor-section-height-default elementor-section-height-default\" data-id=\"538b04d\" data-element_type=\"section\" data-e-type=\"section\" data-settings=\"{&quot;background_background&quot;:&quot;classic&quot;}\">\n\t\t\t\t\t\t<div class=\"elementor-container elementor-column-gap-default\">\n\t\t\t\t\t<div class=\"elementor-column elementor-col-100 elementor-inner-column elementor-element elementor-element-702f758\" data-id=\"702f758\" data-element_type=\"column\" data-e-type=\"column\">\n\t\t\t<div class=\"elementor-widget-wrap elementor-element-populated\">\n\t\t\t\t\t\t<div class=\"elementor-element elementor-element-28dac41 elementor-mobile-align-justify elementor-align-justify elementor-widget elementor-widget-button\" data-id=\"28dac41\" data-element_type=\"widget\" data-e-type=\"widget\" data-widget_type=\"button.default\">\n\t\t\t\t<div class=\"elementor-widget-container\">\n\t\t\t\t\t\t\t\t\t<div class=\"elementor-button-wrapper\">\n\t\t\t\t\t<a class=\"elementor-button elementor-button-link elementor-size-lg elementor-animation-shrink\" href=\"https:\/\/texei.com\/en\/our-blog\/\">\n\t\t\t\t\t\t<span class=\"elementor-button-content-wrapper\">\n\t\t\t\t\t\t<span class=\"elementor-button-icon\">\n\t\t\t\t<i aria-hidden=\"true\" class=\"icon icon-book\"><\/i>\t\t\t<\/span>\n\t\t\t\t\t\t\t\t\t<span class=\"elementor-button-text\">Le blog Texe\u00ef<\/span>\n\t\t\t\t\t<\/span>\n\t\t\t\t\t<\/a>\n\t\t\t\t<\/div>\n\t\t\t\t\t\t\t\t<\/div>\n\t\t\t\t<\/div>\n\t\t\t\t<div class=\"elementor-element elementor-element-2db504e elementor-mobile-align-justify elementor-align-justify elementor-widget elementor-widget-button\" data-id=\"2db504e\" data-element_type=\"widget\" data-e-type=\"widget\" data-widget_type=\"button.default\">\n\t\t\t\t<div class=\"elementor-widget-container\">\n\t\t\t\t\t\t\t\t\t<div class=\"elementor-button-wrapper\">\n\t\t\t\t\t<a class=\"elementor-button elementor-button-link elementor-size-lg elementor-animation-shrink\" href=\"https:\/\/texei.com\/en\/resources-whitepapers\/\">\n\t\t\t\t\t\t<span class=\"elementor-button-content-wrapper\">\n\t\t\t\t\t\t<span class=\"elementor-button-icon\">\n\t\t\t\t<i aria-hidden=\"true\" class=\"icon icon-video-camera\"><\/i>\t\t\t<\/span>\n\t\t\t\t\t\t\t\t\t<span class=\"elementor-button-text\">Les livres blancs<\/span>\n\t\t\t\t\t<\/span>\n\t\t\t\t\t<\/a>\n\t\t\t\t<\/div>\n\t\t\t\t\t\t\t\t<\/div>\n\t\t\t\t<\/div>\n\t\t\t\t\t<\/div>\n\t\t<\/div>\n\t\t\t\t\t<\/div>\n\t\t<\/section>\n\t\t\t\t\t<\/div>\n\t\t<\/div>\n\t\t\t\t\t<\/div>\n\t\t<\/section>\n\t\t\t\t<\/div>\n\t\t","protected":false},"excerpt":{"rendered":"<p>Webinars Explorez les webinars Texe\u00ef,&nbsp; et rejoignez-nous pour rester inform\u00e9(e) et d\u00e9couvrir les bonnes pratiques ainsi que les conseils de nos experts Salesforce.&nbsp; &nbsp; Nos ressources Le blog Texe\u00ef Les livres blancs<\/p>\n","protected":false},"author":9,"featured_media":0,"parent":0,"menu_order":0,"comment_status":"closed","ping_status":"closed","template":"elementor_header_footer","meta":{"_acf_changed":false,"footnotes":""},"class_list":["post-14394","page","type-page","status-publish","hentry"],"acf":[],"yoast_head":"<!-- This site is optimized with the Yoast SEO Premium plugin v27.3 (Yoast SEO v27.3) - https:\/\/yoast.com\/product\/yoast-seo-premium-wordpress\/ -->\n<title>Webinars - Texe\u00ef - News &amp; Events<\/title>\n<meta name=\"description\" content=\"Stay in touch with our community of experts! All our blog articles are at your disposal: Interviews, News, Tips, and Events!\" \/>\n<meta name=\"robots\" content=\"index, follow, max-snippet:-1, max-image-preview:large, max-video-preview:-1\" \/>\n<link rel=\"canonical\" href=\"https:\/\/texei.com\/en\/resources-webinars\/\" \/>\n<meta property=\"og:locale\" content=\"en_US\" \/>\n<meta property=\"og:type\" content=\"article\" \/>\n<meta property=\"og:title\" content=\"Webinars\" \/>\n<meta property=\"og:description\" content=\"Stay in touch with our community of experts! All our blog articles are at your disposal: Interviews, News, Tips, and Events!\" \/>\n<meta property=\"og:url\" content=\"https:\/\/texei.com\/en\/resources-webinars\/\" \/>\n<meta property=\"og:site_name\" content=\"Texe\u00ef\" \/>\n<meta property=\"article:modified_time\" content=\"2023-08-31T14:38:57+00:00\" \/>\n<meta name=\"twitter:card\" content=\"summary_large_image\" \/>\n<script type=\"application\/ld+json\" class=\"yoast-schema-graph\">{\"@context\":\"https:\\\/\\\/schema.org\",\"@graph\":[{\"@type\":\"WebPage\",\"@id\":\"https:\\\/\\\/texei.com\\\/en\\\/resources-webinars\\\/\",\"url\":\"https:\\\/\\\/texei.com\\\/en\\\/resources-webinars\\\/\",\"name\":\"Webinars - Texe\u00ef - News & Events\",\"isPartOf\":{\"@id\":\"https:\\\/\\\/texei.com\\\/#website\"},\"datePublished\":\"2023-05-30T12:59:17+00:00\",\"dateModified\":\"2023-08-31T14:38:57+00:00\",\"description\":\"Stay in touch with our community of experts! All our blog articles are at your disposal: Interviews, News, Tips, and Events!\",\"breadcrumb\":{\"@id\":\"https:\\\/\\\/texei.com\\\/en\\\/resources-webinars\\\/#breadcrumb\"},\"inLanguage\":\"en-US\",\"potentialAction\":[{\"@type\":\"ReadAction\",\"target\":[\"https:\\\/\\\/texei.com\\\/en\\\/resources-webinars\\\/\"]}]},{\"@type\":\"BreadcrumbList\",\"@id\":\"https:\\\/\\\/texei.com\\\/en\\\/resources-webinars\\\/#breadcrumb\",\"itemListElement\":[{\"@type\":\"ListItem\",\"position\":1,\"name\":\"Home\",\"item\":\"https:\\\/\\\/texei.com\\\/\"},{\"@type\":\"ListItem\",\"position\":2,\"name\":\"Webinars\"}]},{\"@type\":\"WebSite\",\"@id\":\"https:\\\/\\\/texei.com\\\/#website\",\"url\":\"https:\\\/\\\/texei.com\\\/\",\"name\":\"Texe\u00ef\",\"description\":\"Turn your IT into Business\",\"publisher\":{\"@id\":\"https:\\\/\\\/texei.com\\\/#organization\"},\"potentialAction\":[{\"@type\":\"SearchAction\",\"target\":{\"@type\":\"EntryPoint\",\"urlTemplate\":\"https:\\\/\\\/texei.com\\\/?s={search_term_string}\"},\"query-input\":{\"@type\":\"PropertyValueSpecification\",\"valueRequired\":true,\"valueName\":\"search_term_string\"}}],\"inLanguage\":\"en-US\"},{\"@type\":\"Organization\",\"@id\":\"https:\\\/\\\/texei.com\\\/#organization\",\"name\":\"Texe\u00ef\",\"url\":\"https:\\\/\\\/texei.com\\\/\",\"logo\":{\"@type\":\"ImageObject\",\"inLanguage\":\"en-US\",\"@id\":\"https:\\\/\\\/texei.com\\\/#\\\/schema\\\/logo\\\/image\\\/\",\"url\":\"https:\\\/\\\/texei.com\\\/dev\\\/wp-content\\\/uploads\\\/2021\\\/03\\\/logo-essai-1.jpg\",\"contentUrl\":\"https:\\\/\\\/texei.com\\\/dev\\\/wp-content\\\/uploads\\\/2021\\\/03\\\/logo-essai-1.jpg\",\"width\":2560,\"height\":1102,\"caption\":\"Texe\u00ef\"},\"image\":{\"@id\":\"https:\\\/\\\/texei.com\\\/#\\\/schema\\\/logo\\\/image\\\/\"}}]}<\/script>\n<!-- \/ Yoast SEO Premium plugin. -->","yoast_head_json":{"title":"Webinars - Texe\u00ef - News & Events","description":"Stay in touch with our community of experts! All our blog articles are at your disposal: Interviews, News, Tips, and Events!","robots":{"index":"index","follow":"follow","max-snippet":"max-snippet:-1","max-image-preview":"max-image-preview:large","max-video-preview":"max-video-preview:-1"},"canonical":"https:\/\/texei.com\/en\/resources-webinars\/","og_locale":"en_US","og_type":"article","og_title":"Webinars","og_description":"Stay in touch with our community of experts! All our blog articles are at your disposal: Interviews, News, Tips, and Events!","og_url":"https:\/\/texei.com\/en\/resources-webinars\/","og_site_name":"Texe\u00ef","article_modified_time":"2023-08-31T14:38:57+00:00","twitter_card":"summary_large_image","schema":{"@context":"https:\/\/schema.org","@graph":[{"@type":"WebPage","@id":"https:\/\/texei.com\/en\/resources-webinars\/","url":"https:\/\/texei.com\/en\/resources-webinars\/","name":"Webinars - Texe\u00ef - News & Events","isPartOf":{"@id":"https:\/\/texei.com\/#website"},"datePublished":"2023-05-30T12:59:17+00:00","dateModified":"2023-08-31T14:38:57+00:00","description":"Stay in touch with our community of experts! All our blog articles are at your disposal: Interviews, News, Tips, and Events!","breadcrumb":{"@id":"https:\/\/texei.com\/en\/resources-webinars\/#breadcrumb"},"inLanguage":"en-US","potentialAction":[{"@type":"ReadAction","target":["https:\/\/texei.com\/en\/resources-webinars\/"]}]},{"@type":"BreadcrumbList","@id":"https:\/\/texei.com\/en\/resources-webinars\/#breadcrumb","itemListElement":[{"@type":"ListItem","position":1,"name":"Home","item":"https:\/\/texei.com\/"},{"@type":"ListItem","position":2,"name":"Webinars"}]},{"@type":"WebSite","@id":"https:\/\/texei.com\/#website","url":"https:\/\/texei.com\/","name":"Texe\u00ef","description":"Turn your IT into Business","publisher":{"@id":"https:\/\/texei.com\/#organization"},"potentialAction":[{"@type":"SearchAction","target":{"@type":"EntryPoint","urlTemplate":"https:\/\/texei.com\/?s={search_term_string}"},"query-input":{"@type":"PropertyValueSpecification","valueRequired":true,"valueName":"search_term_string"}}],"inLanguage":"en-US"},{"@type":"Organization","@id":"https:\/\/texei.com\/#organization","name":"Texe\u00ef","url":"https:\/\/texei.com\/","logo":{"@type":"ImageObject","inLanguage":"en-US","@id":"https:\/\/texei.com\/#\/schema\/logo\/image\/","url":"https:\/\/texei.com\/dev\/wp-content\/uploads\/2021\/03\/logo-essai-1.jpg","contentUrl":"https:\/\/texei.com\/dev\/wp-content\/uploads\/2021\/03\/logo-essai-1.jpg","width":2560,"height":1102,"caption":"Texe\u00ef"},"image":{"@id":"https:\/\/texei.com\/#\/schema\/logo\/image\/"}}]}},"_links":{"self":[{"href":"https:\/\/texei.com\/en\/wp-json\/wp\/v2\/pages\/14394","targetHints":{"allow":["GET"]}}],"collection":[{"href":"https:\/\/texei.com\/en\/wp-json\/wp\/v2\/pages"}],"about":[{"href":"https:\/\/texei.com\/en\/wp-json\/wp\/v2\/types\/page"}],"author":[{"embeddable":true,"href":"https:\/\/texei.com\/en\/wp-json\/wp\/v2\/users\/9"}],"replies":[{"embeddable":true,"href":"https:\/\/texei.com\/en\/wp-json\/wp\/v2\/comments?post=14394"}],"version-history":[{"count":0,"href":"https:\/\/texei.com\/en\/wp-json\/wp\/v2\/pages\/14394\/revisions"}],"wp:attachment":[{"href":"https:\/\/texei.com\/en\/wp-json\/wp\/v2\/media?parent=14394"}],"curies":[{"name":"wp","href":"https:\/\/api.w.org\/{rel}","templated":true}]}}